{"id":4434,"date":"2023-05-29T14:15:17","date_gmt":"2023-05-29T14:15:17","guid":{"rendered":"https:\/\/originshotelboutique.com\/politica-de-privacidad\/"},"modified":"2024-01-31T11:26:28","modified_gmt":"2024-01-31T11:26:28","slug":"politica-de-privacidad","status":"publish","type":"page","link":"https:\/\/originshotelboutique.com\/es\/politica-de-privacidad\/","title":{"rendered":"Pol\u00edtica de privacidad"},"content":{"rendered":"\t\t<div data-elementor-type=\"wp-page\" data-elementor-id=\"4434\" class=\"elementor elementor-4434 elementor-3\">\n\t\t\t\t\t\t<section class=\"elementor-section elementor-top-section elementor-element elementor-element-ee6c603 elementor-section-boxed elementor-section-height-default elementor-section-height-default\" data-id=\"ee6c603\" data-element_type=\"section\" data-e-type=\"section\">\n\t\t\t\t\t\t<div class=\"elementor-container elementor-column-gap-default\">\n\t\t\t\t\t<div class=\"elementor-column elementor-col-100 elementor-top-column elementor-element elementor-element-65b06f0\" data-id=\"65b06f0\" data-element_type=\"column\" data-e-type=\"column\">\n\t\t\t<div class=\"elementor-widget-wrap elementor-element-populated\">\n\t\t\t\t\t\t<section class=\"elementor-section elementor-inner-section elementor-element elementor-element-878c795 elementor-section-boxed elementor-section-height-default elementor-section-height-default\" data-id=\"878c795\" data-element_type=\"section\" data-e-type=\"section\">\n\t\t\t\t\t\t<div class=\"elementor-container elementor-column-gap-default\">\n\t\t\t\t\t<div class=\"elementor-column elementor-col-100 elementor-inner-column elementor-element elementor-element-4e51b70\" data-id=\"4e51b70\" data-element_type=\"column\" data-e-type=\"column\">\n\t\t\t<div class=\"elementor-widget-wrap elementor-element-populated\">\n\t\t\t\t\t\t<div class=\"elementor-element elementor-element-8786620 elementor-widget elementor-widget-spacer\" data-id=\"8786620\" data-element_type=\"widget\" data-e-type=\"widget\" data-widget_type=\"spacer.default\">\n\t\t\t\t<div class=\"elementor-widget-container\">\n\t\t\t\t\t\t\t<div class=\"elementor-spacer\">\n\t\t\t<div class=\"elementor-spacer-inner\"><\/div>\n\t\t<\/div>\n\t\t\t\t\t\t<\/div>\n\t\t\t\t<\/div>\n\t\t\t\t\t<\/div>\n\t\t<\/div>\n\t\t\t\t\t<\/div>\n\t\t<\/section>\n\t\t\t\t\t<\/div>\n\t\t<\/div>\n\t\t\t\t\t<\/div>\n\t\t<\/section>\n\t\t\t\t<section class=\"elementor-section elementor-top-section elementor-element elementor-element-7697c68f elementor-section-boxed elementor-section-height-default elementor-section-height-default\" data-id=\"7697c68f\" data-element_type=\"section\" data-e-type=\"section\">\n\t\t\t\t\t\t<div class=\"elementor-container elementor-column-gap-default\">\n\t\t\t\t\t<div class=\"elementor-column elementor-col-50 elementor-top-column elementor-element elementor-element-65bd093d\" data-id=\"65bd093d\" data-element_type=\"column\" data-e-type=\"column\">\n\t\t\t<div class=\"elementor-widget-wrap elementor-element-populated\">\n\t\t\t\t\t\t<div class=\"elementor-element elementor-element-72cb3a49 elementor-widget__width-auto elementor-widget elementor-widget-text-editor\" data-id=\"72cb3a49\" data-element_type=\"widget\" data-e-type=\"widget\" data-widget_type=\"text-editor.default\">\n\t\t\t\t<div class=\"elementor-widget-container\">\n\t\t\t\t\t\t\t\t\t\n<h4><strong>Pol\u00edtica de<\/strong> <em>privacidad<\/em><\/h4>\n\t\t\t\t\t\t\t\t<\/div>\n\t\t\t\t<\/div>\n\t\t\t\t\t<\/div>\n\t\t<\/div>\n\t\t\t\t<div class=\"elementor-column elementor-col-50 elementor-top-column elementor-element elementor-element-99714c3\" data-id=\"99714c3\" data-element_type=\"column\" data-e-type=\"column\">\n\t\t\t<div class=\"elementor-widget-wrap elementor-element-populated\">\n\t\t\t\t\t\t<div class=\"elementor-element elementor-element-aedcf74 elementor-widget elementor-widget-text-editor\" data-id=\"aedcf74\" data-element_type=\"widget\" data-e-type=\"widget\" data-widget_type=\"text-editor.default\">\n\t\t\t\t<div class=\"elementor-widget-container\">\n\t\t\t\t\t\t\t\t\t<p><em>\u00daltima modificaci\u00f3n: julio 2023<\/em><\/p>\n<p>Esta pol\u00edtica de privacidad se aplica a la presente web www.originshotelboutque.com<\/p>\n<p>Por favor, l\u00e9ala detenidamente. En ella encontrar\u00e1 informaci\u00f3n importante sobre el tratamiento de sus datos personales y los derechos que le reconoce la normativa vigente en la materia.<\/p>\n<p class=\"p1\">Nos reservamos el derecho de actualizar nuestra pol\u00edtica de privacidad en cualquier momento con motivo de decisiones empresariales, as\u00ed como para cumplir con eventuales cambios legislativos o jurisprudenciales. Si tiene dudas o necesita cualquier aclaraci\u00f3n respecto a nuestra Pol\u00edtica de privacidad o a sus derechos, puede contactar con nosotros a trav\u00e9s de los canales que se indican m\u00e1s abajo.<\/p>\n<p class=\"p1\">Ud.\nmanifiesta que los datos que nos facilite, ahora o en el futuro, son correctos y veraces y se compromete a comunicarnos cualquier modificaci\u00f3n de los mismos.  En caso de proporcionar datos de car\u00e1cter personal de terceros, se compromete a obtener el consentimiento previo de los afectados y a informarles acerca del contenido de esta pol\u00edtica.<\/p>\n<p class=\"p1\">De manera general, los campos se\u00f1alados como obligatorios en nuestros formularios deber\u00e1n ser necesariamente cumplimentados para poder tramitar sus solicitudes.<\/p>\n<p><strong>1. \u00bfQui\u00e9n es el responsable del tratamiento de sus datos?<\/strong><\/p>\n<p>El responsable del tratamiento de los datos personales recogidos en esta web es:<br>Responsable: Or\u00edgenes por Kappo S.L.<br>Direcci\u00f3n postal: Carrer de Mestre Andreu Siurell, 10, 07570 Art\u00e0, Illes Balears<br>Correo electr\u00f3nico: <a href=\"mailto:info@caprocat.com\">info@originsbykappo.com<\/a><br>Telf.: +34 <a href=\"https:\/\/www.google.com\/search?q=origins+hotel+boutique&amp;rlz=1C5CHFA_enES1062ES1063&amp;oq=origins+hotel+&amp;aqs=chrome.0.0i355i512j46i175i199i512i664i665j69i57j0i22i30l7.423762815j0j15&amp;sourceid=chrome&amp;ie=UTF-8#\" data-dtype=\"d3ph\" data-local-attribute=\"d3ph\" data-ved=\"2ahUKEwjbyfzC2_L_AhWoUqQEHdSDAEEQkAgoAHoECD4QAw\">\n  <span aria-label=\"Llamar al n\u00famero de tel\u00e9fono 644 70 53 33\">644 70 53 33<\/span>\n<\/a><\/p>\n<p><strong>2. \u00bfPara qu\u00e9 trataremos sus datos y sobre qu\u00e9 base jur\u00eddica?<\/strong><\/p>\n<p><b><\/b><b>2.1 Gesti\u00f3n de la relaci\u00f3n con los clientes y usuarios:<br><\/b>Tratamos los datos que nuestros clientes y usuarios proporcionen en sus consultas para atender sus solicitudes.<span class=\"Apple-converted-space\"><br><\/span>Este tratamiento es necesario para la ejecuci\u00f3n de la relaci\u00f3n jur\u00eddica con los usuarios de la web o para la aplicaci\u00f3n de medidas precontractuales a su propia petici\u00f3n.<\/p>\n<p class=\"p4\"><b>2.2 Gesti\u00f3n de cuentas:<br><\/b>Tratamos los datos que nuestros usuarios proporcionen en el formulario de alta en la web, as\u00ed como, los que registre en su perfil, para crear y administrar sus cuentas y para darles acceso a las funcionalidades disponibles para usuarios registrados.<span class=\"Apple-converted-space\"><br><\/span>Estos tratamientos son necesarios para la aplicaci\u00f3n de medidas precontractuales a su propia petici\u00f3n.<\/p>\n<p class=\"p1\"><b>2.3 Gesti\u00f3n de las reservas de alojamiento y servicios:<br><\/b>Los datos proporcionados en los formularios de reserva de alojamiento o contrataci\u00f3n de servicios, ser\u00e1n tratados para la gesti\u00f3n de dichas reservas y la prestaci\u00f3n de los servicios solicitados. Las categor\u00edas de datos que tratamos para estos fines son las siguientes:<br>&#8211; Datos identificativos (nombre, apellidos y DNI\/pasaporte) y de contacto (direcci\u00f3n, email y tel\u00e9fono) del titular de la reserva;<br>&#8211; Datos de la propia reserva, bono o servicio solicitado.<br>&#8211; Datos econ\u00f3micos y de transacciones.<br>El tratamiento de estos datos es necesario para la prestaci\u00f3n de los servicios solicitados, la ejecuci\u00f3n del contrato de alojamiento o para la aplicaci\u00f3n de medidas precontractuales a su propia petici\u00f3n.<br>Los datos econ\u00f3micos y de transacciones de bienes y servicios realizadas en la web, ser\u00e1n tratados para fines de gesti\u00f3n contable y administrativa y el cumplimiento de nuestras obligaciones legales en materia contable y fiscal.<\/p>\n<p class=\"p1\"><b>2.4 Env\u00edo de comunicaciones comerciales y gesti\u00f3n de listas de distribuci\u00f3n:<\/b><br>Tratamos los datos identificativos y de contacto proporcionados por nuestros clientes y las personas que se den de alta en nuestras listas de distribuci\u00f3n para enviarles comunicaciones relativas a nuestros productos y servicios.<span class=\"Apple-converted-space\"><br><\/span>Estos tratamientos se basan en el consentimiento que se le solicita. No prestar su consentimiento o retirarlo no condiciona la tramitaci\u00f3n de sus reservas o la prestaci\u00f3n de los servicios contratados. Puede solicitar su baja de los tratamientos con fines comerciales enviando un email a la siguiente direcci\u00f3n de correo electr\u00f3nico: <a href=\"mailto:info@caprocat.com\">info@originsbykappo.com<\/a><\/p>\n<p class=\"p4\"><b>2.5 Administraci\u00f3n y gesti\u00f3n de la seguridad de la web:<\/b><span class=\"s2\"><br><\/span>Tratamos datos de navegaci\u00f3n (direcciones IP o logs) para administrar y gestionar la seguridad de la web y de sus \u00e1reas de acceso restringido.<span class=\"Apple-converted-space\"><br><\/span>Este tratamiento se basa en nuestro inter\u00e9s leg\u00edtimo en garantizar la seguridad de la web. Este inter\u00e9s est\u00e1 expresamente reconocido por el considerando 49 del RGPD. Para la ponderaci\u00f3n de dicho inter\u00e9s respecto a sus derechos y libertades se ha tenido en cuenta que<b> <\/b>este tratamiento corresponde a pr\u00e1cticas de seguridad generalizas y no plantea amenazas significativas para los interesados.<\/p>\n<p class=\"p1\"><b>2.6 Fines estad\u00edsticos y de gesti\u00f3n de calidad:<\/b><br>Con el fin de evaluar y gestionar la calidad de nuestros servicios y productos, tratamos los datos identificativos y los datos de contacto proporcionados por nuestros clientes en sus solicitudes o sugerencias. Tambi\u00e9n realizamos estad\u00edsticas a partir de datos agregados obtenidos de datos de transacciones y de los datos de navegaci\u00f3n en la web, p. ej. direcci\u00f3n IP, weblogs, p\u00e1ginas visitadas o acciones realizadas en la Web (+ info en nuestra pol\u00edtica de cookies).<br>Estos tratamientos se basan en nuestro Inter\u00e9s leg\u00edtimo por evaluar y gestionar la calidad de nuestros servicios y productos. Para la ponderaci\u00f3n de este inter\u00e9s respecto a sus derechos y libertades se ha determinado que el tratamiento ten\u00eda un impacto limitado en la privacidad de los interesados, correspond\u00eda a expectativas razonables de los mismos y no planteaba amenazas significativas.<\/p>\n<p><strong>3. \u00bfA qui\u00e9n podemos comunicar sus datos?<\/strong><\/p>\n<p>Sus datos s\u00f3lo ser\u00e1n comunicados a terceros por obligaci\u00f3n legal, con su consentimiento o cuando su petici\u00f3n implique tal comunicaci\u00f3n.<\/p>\n<p><strong>4. \u00bfCu\u00e1nto tiempo conservaremos sus datos?<\/strong><\/p>\n<p>De manera general conservamos sus datos durante la vigencia de la relaci\u00f3n que mantiene con nosotros y en todo caso durante los plazos previstos en las disposiciones legales aplicables, por ejemplo, en materia contable y fiscal, y durante el tiempo necesario para atender a posibles responsabilidades nacidas del tratamiento. Cancelaremos sus datos cuando hayan dejado de ser necesarios o pertinentes para las finalidades para las cuales fueron recabados. Los logs de acceso a \u00e1reas restringidas de la web se cancelar\u00e1n al mes de su creaci\u00f3n. Se cancelar\u00e1 la informaci\u00f3n relacionada con la navegaci\u00f3n, una vez finalizada la conexi\u00f3n web y realizadas las estad\u00edsticas.<\/p>\n<p class=\"p1\">Los datos tratados con fines comerciales se conservar\u00e1n vigentes mientras no se solicite su baja.<\/p>\n<p><strong>5. \u00bfCu\u00e1les son sus derechos?<\/strong><\/p>\n<p>Tiene derecho a obtener confirmaci\u00f3n de si estamos tratando o no sus datos personales y, en tal caso, acceder a los mismos.<span class=\"Apple-converted-space\">  <\/span>Puede igualmente pedir que sus datos sean rectificados cuando sean inexactos o a que se completen los datos que sean incompletos, as\u00ed como solicitar su supresi\u00f3n cuando, entre otros motivos, los datos ya no sean necesarios para los fines para los que fueron recogidos.<\/p>\n<p class=\"p1\">En determinadas circunstancias, podr\u00e1 solicitar la limitaci\u00f3n del tratamiento de sus datos. En tal caso, s\u00f3lo trataremos los datos afectados para la formulaci\u00f3n, el ejercicio o la defensa de reclamaciones o con miras a la protecci\u00f3n de los derechos de otras personas. En determinadas condiciones y por motivos relacionados con su situaci\u00f3n particular, podr\u00e1 igualmente oponerse al tratamiento de sus datos. En este caso, dejaremos de tratar los datos salvo por motivos leg\u00edtimos imperiosos que prevalezcan sobre sus intereses o derechos y libertades, o para la formulaci\u00f3n, el ejercicio o la defensa de reclamaciones.<\/p>\n<p class=\"p1\">As\u00ed mismo y bajo ciertas condiciones podr\u00e1 solicitar la portabilidad de sus datos para que sean transmitidos a otro responsable del tratamiento.<\/p>\n<p class=\"p1\">En cualquier momento puede revocar el consentimiento que hubiese prestado para determinadas finalidades, sin que ello afecte a la licitud del tratamiento basado en el consentimiento previo a su retirada.<\/p>\n<p class=\"p1\">Tiene igualmente el derecho a presentar una reclamaci\u00f3n ante una autoridad de protecci\u00f3n de datos.<\/p>\n<p class=\"p1\">Le informamos de que el Reglamento Europeo de Protecci\u00f3n de Datos Personales reconoce igualmente el derecho a la portabilidad de sus datos.<\/p>\n<p class=\"p1\">Tiene tambi\u00e9n derecho a oponerse a la adopci\u00f3n de decisiones individuales automatizadas que produzcan efectos jur\u00eddicos sobre Ud.\no le afecten significativamente de modo similar, cuando concurra este derecho de acuerdo con lo previsto en el art\u00edculo 22 del Reglamento (UE) 2016\/679. <\/p>\n<p class=\"p1\">Para ejercer sus derechos deber\u00e1 remitirnos una solicitud acompa\u00f1ada de una copia de su documento nacional de identidad u otro documento v\u00e1lido que le identifique por correo postal o electr\u00f3nico a las direcciones indicadas en el apartado \u00bfQui\u00e9n es el responsable del tratamiento de sus datos?<\/p>\n<p class=\"p1\">Podr\u00e1 obtener m\u00e1s informaci\u00f3n sobre sus derechos y c\u00f3mo ejercerlos en la p\u00e1gina de la Agencia Espa\u00f1ola de Protecci\u00f3n de Datos en <a href=\"http:\/\/www.aepd.es\/\">\n  <span class=\"s2\">www.aepd.es<\/span>\n<\/a><span class=\"s3\">.<\/span><\/p>\t\t\t\t\t\t\t\t<\/div>\n\t\t\t\t<\/div>\n\t\t\t\t\t<\/div>\n\t\t<\/div>\n\t\t\t\t\t<\/div>\n\t\t<\/section>\n\t\t\t\t<\/div>\n\t\t","protected":false},"excerpt":{"rendered":"<p>Pol\u00edtica de privacidad \u00daltima modificaci\u00f3n: julio 2023 Esta pol\u00edtica de privacidad se aplica a la presente web www.originshotelboutque.com Por favor, l\u00e9ala detenidamente. En ella encontrar\u00e1 informaci\u00f3n importante sobre el tratamiento de sus datos personales y los derechos que le reconoce &hellip; <a href=\"https:\/\/originshotelboutique.com\/es\/politica-de-privacidad\/\">Read More<\/a><\/p>\n","protected":false},"author":1,"featured_media":0,"parent":0,"menu_order":0,"comment_status":"closed","ping_status":"closed","template":"","meta":{"footnotes":""},"class_list":["post-4434","page","type-page","status-publish","hentry"],"yoast_head":"<!-- This site is optimized with the Yoast SEO Premium plugin v27.4 (Yoast SEO v27.4) - https:\/\/yoast.com\/product\/yoast-seo-premium-wordpress\/ -->\n<title>Pol\u00edtica de privacidad | Origins Hotel Boutique<\/title>\n<meta name=\"robots\" content=\"index, follow, max-snippet:-1, max-image-preview:large, max-video-preview:-1\" \/>\n<link rel=\"canonical\" href=\"https:\/\/originshotelboutique.com\/es\/politica-de-privacidad\/\" \/>\n<meta property=\"og:locale\" content=\"es_ES\" \/>\n<meta property=\"og:type\" content=\"article\" \/>\n<meta property=\"og:title\" content=\"Pol\u00edtica de privacidad\" \/>\n<meta property=\"og:description\" content=\"Pol\u00edtica de privacidad \u00daltima modificaci\u00f3n: julio 2023 Esta pol\u00edtica de privacidad se aplica a la presente web www.originshotelboutque.com Por favor, l\u00e9ala detenidamente. En ella encontrar\u00e1 informaci\u00f3n importante sobre el tratamiento de sus datos personales y los derechos que le reconoce &hellip; Read More\" \/>\n<meta property=\"og:url\" content=\"https:\/\/originshotelboutique.com\/es\/politica-de-privacidad\/\" \/>\n<meta property=\"og:site_name\" content=\"Origins Hotel Boutique\" \/>\n<meta property=\"article:publisher\" content=\"https:\/\/www.facebook.com\/OriginsHotelBoutique\/\" \/>\n<meta property=\"article:modified_time\" content=\"2024-01-31T11:26:28+00:00\" \/>\n<meta name=\"twitter:card\" content=\"summary_large_image\" \/>\n<meta name=\"twitter:label1\" content=\"Tiempo de lectura\" \/>\n\t<meta name=\"twitter:data1\" content=\"7 minutos\" \/>\n<script type=\"application\/ld+json\" class=\"yoast-schema-graph\">{\"@context\":\"https:\\\/\\\/schema.org\",\"@graph\":[{\"@type\":\"WebPage\",\"@id\":\"https:\\\/\\\/originshotelboutique.com\\\/es\\\/politica-de-privacidad\\\/\",\"url\":\"https:\\\/\\\/originshotelboutique.com\\\/es\\\/politica-de-privacidad\\\/\",\"name\":\"Pol\u00edtica de privacidad | Origins Hotel Boutique\",\"isPartOf\":{\"@id\":\"https:\\\/\\\/originshotelboutique.com\\\/es\\\/#website\"},\"datePublished\":\"2023-05-29T14:15:17+00:00\",\"dateModified\":\"2024-01-31T11:26:28+00:00\",\"breadcrumb\":{\"@id\":\"https:\\\/\\\/originshotelboutique.com\\\/es\\\/politica-de-privacidad\\\/#breadcrumb\"},\"inLanguage\":\"es\",\"potentialAction\":[{\"@type\":\"ReadAction\",\"target\":[\"https:\\\/\\\/originshotelboutique.com\\\/es\\\/politica-de-privacidad\\\/\"]}]},{\"@type\":\"BreadcrumbList\",\"@id\":\"https:\\\/\\\/originshotelboutique.com\\\/es\\\/politica-de-privacidad\\\/#breadcrumb\",\"itemListElement\":[{\"@type\":\"ListItem\",\"position\":1,\"name\":\"Home\",\"item\":\"https:\\\/\\\/originshotelboutique.com\\\/es\\\/\"},{\"@type\":\"ListItem\",\"position\":2,\"name\":\"Pol\u00edtica de privacidad\"}]},{\"@type\":\"WebSite\",\"@id\":\"https:\\\/\\\/originshotelboutique.com\\\/es\\\/#website\",\"url\":\"https:\\\/\\\/originshotelboutique.com\\\/es\\\/\",\"name\":\"Origins Hotel Boutique\",\"description\":\"Peque\u00f1o hotel boutique en el coraz\u00f3n de Art\u00e0.\",\"publisher\":{\"@id\":\"https:\\\/\\\/originshotelboutique.com\\\/es\\\/#organization\"},\"potentialAction\":[{\"@type\":\"SearchAction\",\"target\":{\"@type\":\"EntryPoint\",\"urlTemplate\":\"https:\\\/\\\/originshotelboutique.com\\\/es\\\/?s={search_term_string}\"},\"query-input\":{\"@type\":\"PropertyValueSpecification\",\"valueRequired\":true,\"valueName\":\"search_term_string\"}}],\"inLanguage\":\"es\"},{\"@type\":\"Organization\",\"@id\":\"https:\\\/\\\/originshotelboutique.com\\\/es\\\/#organization\",\"name\":\"Origins Hotel Boutique\",\"url\":\"https:\\\/\\\/originshotelboutique.com\\\/es\\\/\",\"logo\":{\"@type\":\"ImageObject\",\"inLanguage\":\"es\",\"@id\":\"https:\\\/\\\/originshotelboutique.com\\\/es\\\/#\\\/schema\\\/logo\\\/image\\\/\",\"url\":\"https:\\\/\\\/originshotelboutique.com\\\/wp-content\\\/uploads\\\/2023\\\/05\\\/cropped-Sin-titulo-54.jpg\",\"contentUrl\":\"https:\\\/\\\/originshotelboutique.com\\\/wp-content\\\/uploads\\\/2023\\\/05\\\/cropped-Sin-titulo-54.jpg\",\"width\":651,\"height\":492,\"caption\":\"Origins Hotel Boutique\"},\"image\":{\"@id\":\"https:\\\/\\\/originshotelboutique.com\\\/es\\\/#\\\/schema\\\/logo\\\/image\\\/\"},\"sameAs\":[\"https:\\\/\\\/www.facebook.com\\\/OriginsHotelBoutique\\\/\",\"https:\\\/\\\/www.instagram.com\\\/origins_hotel_boutique\\\/\"]}]}<\/script>\n<!-- \/ Yoast SEO Premium plugin. -->","yoast_head_json":{"title":"Pol\u00edtica de privacidad | Origins Hotel Boutique","robots":{"index":"index","follow":"follow","max-snippet":"max-snippet:-1","max-image-preview":"max-image-preview:large","max-video-preview":"max-video-preview:-1"},"canonical":"https:\/\/originshotelboutique.com\/es\/politica-de-privacidad\/","og_locale":"es_ES","og_type":"article","og_title":"Pol\u00edtica de privacidad","og_description":"Pol\u00edtica de privacidad \u00daltima modificaci\u00f3n: julio 2023 Esta pol\u00edtica de privacidad se aplica a la presente web www.originshotelboutque.com Por favor, l\u00e9ala detenidamente. En ella encontrar\u00e1 informaci\u00f3n importante sobre el tratamiento de sus datos personales y los derechos que le reconoce &hellip; Read More","og_url":"https:\/\/originshotelboutique.com\/es\/politica-de-privacidad\/","og_site_name":"Origins Hotel Boutique","article_publisher":"https:\/\/www.facebook.com\/OriginsHotelBoutique\/","article_modified_time":"2024-01-31T11:26:28+00:00","twitter_card":"summary_large_image","twitter_misc":{"Tiempo de lectura":"7 minutos"},"schema":{"@context":"https:\/\/schema.org","@graph":[{"@type":"WebPage","@id":"https:\/\/originshotelboutique.com\/es\/politica-de-privacidad\/","url":"https:\/\/originshotelboutique.com\/es\/politica-de-privacidad\/","name":"Pol\u00edtica de privacidad | Origins Hotel Boutique","isPartOf":{"@id":"https:\/\/originshotelboutique.com\/es\/#website"},"datePublished":"2023-05-29T14:15:17+00:00","dateModified":"2024-01-31T11:26:28+00:00","breadcrumb":{"@id":"https:\/\/originshotelboutique.com\/es\/politica-de-privacidad\/#breadcrumb"},"inLanguage":"es","potentialAction":[{"@type":"ReadAction","target":["https:\/\/originshotelboutique.com\/es\/politica-de-privacidad\/"]}]},{"@type":"BreadcrumbList","@id":"https:\/\/originshotelboutique.com\/es\/politica-de-privacidad\/#breadcrumb","itemListElement":[{"@type":"ListItem","position":1,"name":"Home","item":"https:\/\/originshotelboutique.com\/es\/"},{"@type":"ListItem","position":2,"name":"Pol\u00edtica de privacidad"}]},{"@type":"WebSite","@id":"https:\/\/originshotelboutique.com\/es\/#website","url":"https:\/\/originshotelboutique.com\/es\/","name":"Origins Hotel Boutique","description":"Peque\u00f1o hotel boutique en el coraz\u00f3n de Art\u00e0.","publisher":{"@id":"https:\/\/originshotelboutique.com\/es\/#organization"},"potentialAction":[{"@type":"SearchAction","target":{"@type":"EntryPoint","urlTemplate":"https:\/\/originshotelboutique.com\/es\/?s={search_term_string}"},"query-input":{"@type":"PropertyValueSpecification","valueRequired":true,"valueName":"search_term_string"}}],"inLanguage":"es"},{"@type":"Organization","@id":"https:\/\/originshotelboutique.com\/es\/#organization","name":"Origins Hotel Boutique","url":"https:\/\/originshotelboutique.com\/es\/","logo":{"@type":"ImageObject","inLanguage":"es","@id":"https:\/\/originshotelboutique.com\/es\/#\/schema\/logo\/image\/","url":"https:\/\/originshotelboutique.com\/wp-content\/uploads\/2023\/05\/cropped-Sin-titulo-54.jpg","contentUrl":"https:\/\/originshotelboutique.com\/wp-content\/uploads\/2023\/05\/cropped-Sin-titulo-54.jpg","width":651,"height":492,"caption":"Origins Hotel Boutique"},"image":{"@id":"https:\/\/originshotelboutique.com\/es\/#\/schema\/logo\/image\/"},"sameAs":["https:\/\/www.facebook.com\/OriginsHotelBoutique\/","https:\/\/www.instagram.com\/origins_hotel_boutique\/"]}]}},"_links":{"self":[{"href":"https:\/\/originshotelboutique.com\/es\/wp-json\/wp\/v2\/pages\/4434","targetHints":{"allow":["GET"]}}],"collection":[{"href":"https:\/\/originshotelboutique.com\/es\/wp-json\/wp\/v2\/pages"}],"about":[{"href":"https:\/\/originshotelboutique.com\/es\/wp-json\/wp\/v2\/types\/page"}],"author":[{"embeddable":true,"href":"https:\/\/originshotelboutique.com\/es\/wp-json\/wp\/v2\/users\/1"}],"replies":[{"embeddable":true,"href":"https:\/\/originshotelboutique.com\/es\/wp-json\/wp\/v2\/comments?post=4434"}],"version-history":[{"count":0,"href":"https:\/\/originshotelboutique.com\/es\/wp-json\/wp\/v2\/pages\/4434\/revisions"}],"wp:attachment":[{"href":"https:\/\/originshotelboutique.com\/es\/wp-json\/wp\/v2\/media?parent=4434"}],"curies":[{"name":"wp","href":"https:\/\/api.w.org\/{rel}","templated":true}]}}