{"id":4266,"date":"2022-06-07T10:20:29","date_gmt":"2022-06-07T10:20:29","guid":{"rendered":"https:\/\/originshotelboutique.com\/?page_id=4266"},"modified":"2025-03-12T11:46:29","modified_gmt":"2025-03-12T11:46:29","slug":"habitaciones","status":"publish","type":"page","link":"https:\/\/originshotelboutique.com\/es\/habitaciones\/","title":{"rendered":"Habitaciones"},"content":{"rendered":"\t\t<div data-elementor-type=\"wp-page\" data-elementor-id=\"4266\" class=\"elementor elementor-4266 elementor-43\">\n\t\t\t\t\t\t<section class=\"elementor-section elementor-top-section elementor-element elementor-element-2eae2960 elementor-section-items-stretch elementor-section-height-min-height elementor-section-boxed elementor-section-height-default\" data-id=\"2eae2960\" data-element_type=\"section\" data-e-type=\"section\">\n\t\t\t\t\t\t<div class=\"elementor-container elementor-column-gap-no\">\n\t\t\t\t\t<div class=\"elementor-column elementor-col-100 elementor-top-column elementor-element elementor-element-1caae77a\" data-id=\"1caae77a\" data-element_type=\"column\" data-e-type=\"column\">\n\t\t\t<div class=\"elementor-widget-wrap\">\n\t\t\t\t\t\t\t<\/div>\n\t\t<\/div>\n\t\t\t\t\t<\/div>\n\t\t<\/section>\n\t\t\t\t<section class=\"elementor-section elementor-top-section elementor-element elementor-element-398487cc elementor-section-boxed elementor-section-height-default elementor-section-height-default\" data-id=\"398487cc\" data-element_type=\"section\" data-e-type=\"section\" data-settings=\"{&quot;background_background&quot;:&quot;classic&quot;}\">\n\t\t\t\t\t\t<div class=\"elementor-container elementor-column-gap-no\">\n\t\t\t\t\t<div class=\"elementor-column elementor-col-100 elementor-top-column elementor-element elementor-element-74e9171f\" data-id=\"74e9171f\" data-element_type=\"column\" data-e-type=\"column\">\n\t\t\t<div class=\"elementor-widget-wrap elementor-element-populated\">\n\t\t\t\t\t\t<div class=\"elementor-element elementor-element-0a39974 elementor-hidden-mobile elementor-widget elementor-widget-spacer\" data-id=\"0a39974\" data-element_type=\"widget\" data-e-type=\"widget\" data-widget_type=\"spacer.default\">\n\t\t\t\t<div class=\"elementor-widget-container\">\n\t\t\t\t\t\t\t<div class=\"elementor-spacer\">\n\t\t\t<div class=\"elementor-spacer-inner\"><\/div>\n\t\t<\/div>\n\t\t\t\t\t\t<\/div>\n\t\t\t\t<\/div>\n\t\t\t\t<div class=\"elementor-element elementor-element-33bc9a8e elementor-view-default elementor-position-top elementor-widget elementor-widget-themo-header\" data-id=\"33bc9a8e\" data-element_type=\"widget\" data-e-type=\"widget\" data-widget_type=\"themo-header.default\">\n\t\t\t\t<div class=\"elementor-widget-container\">\n\t\t\t\t\t\t\t<div class=\"th-header-wrap\">\n        <div class=\"elementor-icon-box-wrapper \">\n                            <div class=\"elementor-icon-box-content\">\n                    <h2 class=\"elementor-icon-box-title\">\n                        Aqu\u00ed empiezan sus vacaciones en Mallorca                    <\/h2>\n                                            <span class=\"th-header-divider\"><\/span>\n                                        <p class=\"elementor-icon-box-description\">Elija su Suite en el centro de Art\u00e0<\/p>\n\n                                    <\/div>\n            <\/div>\n\n        <\/div>\n\n\t\t\t\t\t\t<\/div>\n\t\t\t\t<\/div>\n\t\t\t\t<div class=\"elementor-element elementor-element-5939752 elementor-hidden-mobile elementor-widget elementor-widget-spacer\" data-id=\"5939752\" data-element_type=\"widget\" data-e-type=\"widget\" data-widget_type=\"spacer.default\">\n\t\t\t\t<div class=\"elementor-widget-container\">\n\t\t\t\t\t\t\t<div class=\"elementor-spacer\">\n\t\t\t<div class=\"elementor-spacer-inner\"><\/div>\n\t\t<\/div>\n\t\t\t\t\t\t<\/div>\n\t\t\t\t<\/div>\n\t\t\t\t<div class=\"elementor-element elementor-element-28d6984 elementor-widget elementor-widget-themo-accommodation-grid\" data-id=\"28d6984\" data-element_type=\"widget\" data-e-type=\"widget\" data-widget_type=\"themo-accommodation-grid.default\">\n\t\t\t\t<div class=\"elementor-widget-container\">\n\t\t\t\t\t\n                <div id=\"th-portfolio-content-69e7511206e90\" class=\"th-portfolio\">\n\n            \n            <div id=\"th-portfolio-row\" class=\"th-portfolio-row row portfolio_content  three-columns th-port-gutter\">\n\n                                        <div id=\"post-4449\" class=\"th-portfolio-item item col-md-4 col-sm-6 p-bright-es p-en-suite-es p-updated-es post-4449 mphb_room_type type-mphb_room_type status-publish format-standard has-post-thumbnail hentry mphb_room_type_category-bright-es mphb_room_type_category-en-suite-es mphb_room_type_category-updated-es mphb-room-type-adults-2 mphb-room-type-children-0 \">\n\n                                                        <div class=\"th-port-wrap\">\n                                                            <img fetchpriority=\"high\" decoding=\"async\" width=\"605\" height=\"605\" src=\"https:\/\/originshotelboutique.com\/wp-content\/uploads\/2021\/10\/113A9498-1-605x605.jpg\" class=\"img-responsive th-port-img wp-post-image\" alt=\"\" \/>                                                                <div class=\"th-port-overlay\"><\/div>\n                                <div class=\"th-port-inner\">\n                                                                        <div class=\"th-port-center\">\n                                        <h3 class=\"th-port-title\">Suite Terra<\/h3>\n                                        <p class=\"th-port-sub th-auto-off\">La Suite Terra est\u00e1 inspirada en los elementos naturales de la isla de Mallorca, y que han sido fuente de riqueza para ella durante muchos siglos.<\/p>\n\n                                        \n                                                                                    <span class=\"thmv-btn btn btn-1 th-btn btn-ghost-light\">Reservar esta Suite<\/span>\n                                                                            <\/div>\n                                    <a href=\"https:\/\/originshotelboutique.com\/es\/accommodation\/suite-terra\/\" class=\"th-port-link\" ><\/a>                                <\/div>\n                            <\/div>\n                                                    <\/div>\n                                                <div id=\"post-4451\" class=\"th-portfolio-item item col-md-4 col-sm-6 p-bright-es p-en-suite-es p-updated-es post-4451 mphb_room_type type-mphb_room_type status-publish format-standard has-post-thumbnail hentry mphb_room_type_category-bright-es mphb_room_type_category-en-suite-es mphb_room_type_category-updated-es mphb-room-type-adults-2 mphb-room-type-children-0 \">\n\n                                                        <div class=\"th-port-wrap\">\n                                                            <img decoding=\"async\" width=\"605\" height=\"605\" src=\"https:\/\/originshotelboutique.com\/wp-content\/uploads\/2021\/10\/4bcn-605x605.jpg\" class=\"img-responsive th-port-img wp-post-image\" alt=\"Dormitorio Suite Barcelona, Origins Hotel Boutique\" \/>                                                                <div class=\"th-port-overlay\"><\/div>\n                                <div class=\"th-port-inner\">\n                                                                        <div class=\"th-port-center\">\n                                        <h3 class=\"th-port-title\">Suite Barcelona<\/h3>\n                                        <p class=\"th-port-sub th-auto-off\">La \u00abSuite Barcelona\u00bb se inspira en elementos del arte modernista de nuestra ciudad natal. Un lugar importante para nosotros y que forma parte de nuestro Origen.<\/p>\n\n                                        \n                                                                                    <span class=\"thmv-btn btn btn-1 th-btn btn-ghost-light\">Reservar esta Suite<\/span>\n                                                                            <\/div>\n                                    <a href=\"https:\/\/originshotelboutique.com\/es\/accommodation\/suite-barcelona\/\" class=\"th-port-link\" ><\/a>                                <\/div>\n                            <\/div>\n                                                    <\/div>\n                                                <div id=\"post-4453\" class=\"th-portfolio-item item col-md-4 col-sm-6 post-4453 mphb_room_type type-mphb_room_type status-publish format-standard has-post-thumbnail hentry mphb-room-type-adults-2 mphb-room-type-children-0 \">\n\n                                                        <div class=\"th-port-wrap\">\n                                                            <img decoding=\"async\" width=\"605\" height=\"605\" src=\"https:\/\/originshotelboutique.com\/wp-content\/uploads\/2023\/05\/113A9751-605x605.jpg\" class=\"img-responsive th-port-img wp-post-image\" alt=\"Dormitorio Suite Pedra, Origins Hotel Boutique\" \/>                                                                <div class=\"th-port-overlay\"><\/div>\n                                <div class=\"th-port-inner\">\n                                                                        <div class=\"th-port-center\">\n                                        <h3 class=\"th-port-title\">Suite Pedra<\/h3>\n                                        <p class=\"th-port-sub th-auto-off\">La &#8216;Suite Pedra&#8217; se caracteriza por la pared de piedra que viste la habitaci\u00f3n. La arenisca es la piedra por excelencia de las Baleares, utilizada desde hace siglos para construir.<\/p>\n\n                                        \n                                                                                    <span class=\"thmv-btn btn btn-1 th-btn btn-ghost-light\">Reservar esta Suite<\/span>\n                                                                            <\/div>\n                                    <a href=\"https:\/\/originshotelboutique.com\/es\/accommodation\/suite-pedra\/\" class=\"th-port-link\" ><\/a>                                <\/div>\n                            <\/div>\n                                                    <\/div>\n                                                <div id=\"post-4455\" class=\"th-portfolio-item item col-md-4 col-sm-6 post-4455 mphb_room_type type-mphb_room_type status-publish format-standard has-post-thumbnail hentry mphb-room-type-adults-2 mphb-room-type-children-0 \">\n\n                                                        <div class=\"th-port-wrap\">\n                                                            <img loading=\"lazy\" decoding=\"async\" width=\"605\" height=\"605\" src=\"https:\/\/originshotelboutique.com\/wp-content\/uploads\/2021\/10\/113A9856-605x605.jpg\" class=\"img-responsive th-port-img wp-post-image\" alt=\"Dormitorio Suite Aire, Origins Hotel Boutique\" \/>                                                                <div class=\"th-port-overlay\"><\/div>\n                                <div class=\"th-port-inner\">\n                                                                        <div class=\"th-port-center\">\n                                        <h3 class=\"th-port-title\">Suite Aire<\/h3>\n                                        <p class=\"th-port-sub th-auto-off\">La &#8216;Suite Aire&#8217; est\u00e1 inspirada en el viento m\u00e1s caracter\u00edstico del norte de la isla de Mallorca, la Tramuntana.<\/p>\n\n                                        \n                                                                                    <span class=\"thmv-btn btn btn-1 th-btn btn-ghost-light\">Reservar esta Suite<\/span>\n                                                                            <\/div>\n                                    <a href=\"https:\/\/originshotelboutique.com\/es\/accommodation\/suite-aire\/\" class=\"th-port-link\" ><\/a>                                <\/div>\n                            <\/div>\n                                                    <\/div>\n                                                <div id=\"post-4334\" class=\"th-portfolio-item item col-md-4 col-sm-6 post-4334 mphb_room_type type-mphb_room_type status-publish format-standard has-post-thumbnail hentry mphb-room-type-adults-2 mphb-room-type-children-0 \">\n\n                                                        <div class=\"th-port-wrap\">\n                                                            <img loading=\"lazy\" decoding=\"async\" width=\"605\" height=\"605\" src=\"https:\/\/originshotelboutique.com\/wp-content\/uploads\/2023\/05\/113A7031-605x605.jpg\" class=\"img-responsive th-port-img wp-post-image\" alt=\"Dormitorio Suite Art, Origins Hotel Boutique\" \/>                                                                <div class=\"th-port-overlay\"><\/div>\n                                <div class=\"th-port-inner\">\n                                                                        <div class=\"th-port-center\">\n                                        <h3 class=\"th-port-title\">Suite Art<\/h3>\n                                        <p class=\"th-port-sub th-auto-off\">La \u00abSuite Art\u00bb se inspira en el arte contempor\u00e1neo presente desde hace muchos a\u00f1os en nuestras islas, y est\u00e1 decorada con sorprendentes obras de arte de artistas locales.<\/p>\n\n                                        \n                                                                                    <span class=\"thmv-btn btn btn-1 th-btn btn-ghost-light\">Reservar esta Suite<\/span>\n                                                                            <\/div>\n                                    <a href=\"https:\/\/originshotelboutique.com\/es\/accommodation\/suite-art\/\" class=\"th-port-link\" ><\/a>                                <\/div>\n                            <\/div>\n                                                    <\/div>\n                        \n            <\/div>\n\n        <\/div>\n\n        \t\t\t\t<\/div>\n\t\t\t\t<\/div>\n\t\t\t\t\t<\/div>\n\t\t<\/div>\n\t\t\t\t\t<\/div>\n\t\t<\/section>\n\t\t\t\t<\/div>\n\t\t","protected":false},"excerpt":{"rendered":"<p>Aqu\u00ed empiezan sus&hellip;<\/p>\n","protected":false},"author":1,"featured_media":0,"parent":0,"menu_order":8,"comment_status":"closed","ping_status":"closed","template":"","meta":{"footnotes":""},"class_list":["post-4266","page","type-page","status-publish","hentry"],"yoast_head":"<!-- This site is optimized with the Yoast SEO Premium plugin v27.4 (Yoast SEO v27.4) - https:\/\/yoast.com\/product\/yoast-seo-premium-wordpress\/ -->\n<title>Habitaciones hotel en Art\u00e0 | Origins Hotel Boutique<\/title>\n<meta name=\"description\" content=\"Reserva la mejor oferta de hotel para tu estancia en Art\u00e0 directamente en nuestra web. Alojamiento exclusivo con 5 Suites, piscina y rooftop.\" \/>\n<meta name=\"robots\" content=\"index, follow, max-snippet:-1, max-image-preview:large, max-video-preview:-1\" \/>\n<link rel=\"canonical\" href=\"https:\/\/originshotelboutique.com\/es\/habitaciones\/\" \/>\n<meta property=\"og:locale\" content=\"es_ES\" \/>\n<meta property=\"og:type\" content=\"article\" \/>\n<meta property=\"og:title\" content=\"Habitaciones\" \/>\n<meta property=\"og:description\" content=\"Reserva la mejor oferta de hotel para tu estancia en Art\u00e0 directamente en nuestra web. Alojamiento exclusivo con 5 Suites, piscina y rooftop.\" \/>\n<meta property=\"og:url\" content=\"https:\/\/originshotelboutique.com\/es\/habitaciones\/\" \/>\n<meta property=\"og:site_name\" content=\"Origins Hotel Boutique\" \/>\n<meta property=\"article:publisher\" content=\"https:\/\/www.facebook.com\/OriginsHotelBoutique\/\" \/>\n<meta property=\"article:modified_time\" content=\"2025-03-12T11:46:29+00:00\" \/>\n<meta property=\"og:image\" content=\"https:\/\/originshotelboutique.com\/wp-content\/uploads\/2021\/10\/113A9498-1-605x605.jpg\" \/>\n<meta name=\"twitter:card\" content=\"summary_large_image\" \/>\n<meta name=\"twitter:label1\" content=\"Tiempo de lectura\" \/>\n\t<meta name=\"twitter:data1\" content=\"2 minutos\" \/>\n<script type=\"application\/ld+json\" class=\"yoast-schema-graph\">{\"@context\":\"https:\\\/\\\/schema.org\",\"@graph\":[{\"@type\":\"WebPage\",\"@id\":\"https:\\\/\\\/originshotelboutique.com\\\/es\\\/habitaciones\\\/\",\"url\":\"https:\\\/\\\/originshotelboutique.com\\\/es\\\/habitaciones\\\/\",\"name\":\"Habitaciones hotel en Art\u00e0 | Origins Hotel Boutique\",\"isPartOf\":{\"@id\":\"https:\\\/\\\/originshotelboutique.com\\\/es\\\/#website\"},\"primaryImageOfPage\":{\"@id\":\"https:\\\/\\\/originshotelboutique.com\\\/es\\\/habitaciones\\\/#primaryimage\"},\"image\":{\"@id\":\"https:\\\/\\\/originshotelboutique.com\\\/es\\\/habitaciones\\\/#primaryimage\"},\"thumbnailUrl\":\"https:\\\/\\\/originshotelboutique.com\\\/wp-content\\\/uploads\\\/2021\\\/10\\\/113A9498-1-605x605.jpg\",\"datePublished\":\"2022-06-07T10:20:29+00:00\",\"dateModified\":\"2025-03-12T11:46:29+00:00\",\"description\":\"Reserva la mejor oferta de hotel para tu estancia en Art\u00e0 directamente en nuestra web. Alojamiento exclusivo con 5 Suites, piscina y rooftop.\",\"breadcrumb\":{\"@id\":\"https:\\\/\\\/originshotelboutique.com\\\/es\\\/habitaciones\\\/#breadcrumb\"},\"inLanguage\":\"es\",\"potentialAction\":[{\"@type\":\"ReadAction\",\"target\":[\"https:\\\/\\\/originshotelboutique.com\\\/es\\\/habitaciones\\\/\"]}]},{\"@type\":\"ImageObject\",\"inLanguage\":\"es\",\"@id\":\"https:\\\/\\\/originshotelboutique.com\\\/es\\\/habitaciones\\\/#primaryimage\",\"url\":\"https:\\\/\\\/originshotelboutique.com\\\/wp-content\\\/uploads\\\/2021\\\/10\\\/113A9498-1-605x605.jpg\",\"contentUrl\":\"https:\\\/\\\/originshotelboutique.com\\\/wp-content\\\/uploads\\\/2021\\\/10\\\/113A9498-1-605x605.jpg\"},{\"@type\":\"BreadcrumbList\",\"@id\":\"https:\\\/\\\/originshotelboutique.com\\\/es\\\/habitaciones\\\/#breadcrumb\",\"itemListElement\":[{\"@type\":\"ListItem\",\"position\":1,\"name\":\"Home\",\"item\":\"https:\\\/\\\/originshotelboutique.com\\\/es\\\/\"},{\"@type\":\"ListItem\",\"position\":2,\"name\":\"Habitaciones\"}]},{\"@type\":\"WebSite\",\"@id\":\"https:\\\/\\\/originshotelboutique.com\\\/es\\\/#website\",\"url\":\"https:\\\/\\\/originshotelboutique.com\\\/es\\\/\",\"name\":\"Origins Hotel Boutique\",\"description\":\"Peque\u00f1o hotel boutique en el coraz\u00f3n de Art\u00e0.\",\"publisher\":{\"@id\":\"https:\\\/\\\/originshotelboutique.com\\\/es\\\/#organization\"},\"potentialAction\":[{\"@type\":\"SearchAction\",\"target\":{\"@type\":\"EntryPoint\",\"urlTemplate\":\"https:\\\/\\\/originshotelboutique.com\\\/es\\\/?s={search_term_string}\"},\"query-input\":{\"@type\":\"PropertyValueSpecification\",\"valueRequired\":true,\"valueName\":\"search_term_string\"}}],\"inLanguage\":\"es\"},{\"@type\":\"Organization\",\"@id\":\"https:\\\/\\\/originshotelboutique.com\\\/es\\\/#organization\",\"name\":\"Origins Hotel Boutique\",\"url\":\"https:\\\/\\\/originshotelboutique.com\\\/es\\\/\",\"logo\":{\"@type\":\"ImageObject\",\"inLanguage\":\"es\",\"@id\":\"https:\\\/\\\/originshotelboutique.com\\\/es\\\/#\\\/schema\\\/logo\\\/image\\\/\",\"url\":\"https:\\\/\\\/originshotelboutique.com\\\/wp-content\\\/uploads\\\/2023\\\/05\\\/cropped-Sin-titulo-54.jpg\",\"contentUrl\":\"https:\\\/\\\/originshotelboutique.com\\\/wp-content\\\/uploads\\\/2023\\\/05\\\/cropped-Sin-titulo-54.jpg\",\"width\":651,\"height\":492,\"caption\":\"Origins Hotel Boutique\"},\"image\":{\"@id\":\"https:\\\/\\\/originshotelboutique.com\\\/es\\\/#\\\/schema\\\/logo\\\/image\\\/\"},\"sameAs\":[\"https:\\\/\\\/www.facebook.com\\\/OriginsHotelBoutique\\\/\",\"https:\\\/\\\/www.instagram.com\\\/origins_hotel_boutique\\\/\"]}]}<\/script>\n<!-- \/ Yoast SEO Premium plugin. -->","yoast_head_json":{"title":"Habitaciones hotel en Art\u00e0 | Origins Hotel Boutique","description":"Reserva la mejor oferta de hotel para tu estancia en Art\u00e0 directamente en nuestra web. Alojamiento exclusivo con 5 Suites, piscina y rooftop.","robots":{"index":"index","follow":"follow","max-snippet":"max-snippet:-1","max-image-preview":"max-image-preview:large","max-video-preview":"max-video-preview:-1"},"canonical":"https:\/\/originshotelboutique.com\/es\/habitaciones\/","og_locale":"es_ES","og_type":"article","og_title":"Habitaciones","og_description":"Reserva la mejor oferta de hotel para tu estancia en Art\u00e0 directamente en nuestra web. Alojamiento exclusivo con 5 Suites, piscina y rooftop.","og_url":"https:\/\/originshotelboutique.com\/es\/habitaciones\/","og_site_name":"Origins Hotel Boutique","article_publisher":"https:\/\/www.facebook.com\/OriginsHotelBoutique\/","article_modified_time":"2025-03-12T11:46:29+00:00","og_image":[{"url":"https:\/\/originshotelboutique.com\/wp-content\/uploads\/2021\/10\/113A9498-1-605x605.jpg","type":"","width":"","height":""}],"twitter_card":"summary_large_image","twitter_misc":{"Tiempo de lectura":"2 minutos"},"schema":{"@context":"https:\/\/schema.org","@graph":[{"@type":"WebPage","@id":"https:\/\/originshotelboutique.com\/es\/habitaciones\/","url":"https:\/\/originshotelboutique.com\/es\/habitaciones\/","name":"Habitaciones hotel en Art\u00e0 | Origins Hotel Boutique","isPartOf":{"@id":"https:\/\/originshotelboutique.com\/es\/#website"},"primaryImageOfPage":{"@id":"https:\/\/originshotelboutique.com\/es\/habitaciones\/#primaryimage"},"image":{"@id":"https:\/\/originshotelboutique.com\/es\/habitaciones\/#primaryimage"},"thumbnailUrl":"https:\/\/originshotelboutique.com\/wp-content\/uploads\/2021\/10\/113A9498-1-605x605.jpg","datePublished":"2022-06-07T10:20:29+00:00","dateModified":"2025-03-12T11:46:29+00:00","description":"Reserva la mejor oferta de hotel para tu estancia en Art\u00e0 directamente en nuestra web. Alojamiento exclusivo con 5 Suites, piscina y rooftop.","breadcrumb":{"@id":"https:\/\/originshotelboutique.com\/es\/habitaciones\/#breadcrumb"},"inLanguage":"es","potentialAction":[{"@type":"ReadAction","target":["https:\/\/originshotelboutique.com\/es\/habitaciones\/"]}]},{"@type":"ImageObject","inLanguage":"es","@id":"https:\/\/originshotelboutique.com\/es\/habitaciones\/#primaryimage","url":"https:\/\/originshotelboutique.com\/wp-content\/uploads\/2021\/10\/113A9498-1-605x605.jpg","contentUrl":"https:\/\/originshotelboutique.com\/wp-content\/uploads\/2021\/10\/113A9498-1-605x605.jpg"},{"@type":"BreadcrumbList","@id":"https:\/\/originshotelboutique.com\/es\/habitaciones\/#breadcrumb","itemListElement":[{"@type":"ListItem","position":1,"name":"Home","item":"https:\/\/originshotelboutique.com\/es\/"},{"@type":"ListItem","position":2,"name":"Habitaciones"}]},{"@type":"WebSite","@id":"https:\/\/originshotelboutique.com\/es\/#website","url":"https:\/\/originshotelboutique.com\/es\/","name":"Origins Hotel Boutique","description":"Peque\u00f1o hotel boutique en el coraz\u00f3n de Art\u00e0.","publisher":{"@id":"https:\/\/originshotelboutique.com\/es\/#organization"},"potentialAction":[{"@type":"SearchAction","target":{"@type":"EntryPoint","urlTemplate":"https:\/\/originshotelboutique.com\/es\/?s={search_term_string}"},"query-input":{"@type":"PropertyValueSpecification","valueRequired":true,"valueName":"search_term_string"}}],"inLanguage":"es"},{"@type":"Organization","@id":"https:\/\/originshotelboutique.com\/es\/#organization","name":"Origins Hotel Boutique","url":"https:\/\/originshotelboutique.com\/es\/","logo":{"@type":"ImageObject","inLanguage":"es","@id":"https:\/\/originshotelboutique.com\/es\/#\/schema\/logo\/image\/","url":"https:\/\/originshotelboutique.com\/wp-content\/uploads\/2023\/05\/cropped-Sin-titulo-54.jpg","contentUrl":"https:\/\/originshotelboutique.com\/wp-content\/uploads\/2023\/05\/cropped-Sin-titulo-54.jpg","width":651,"height":492,"caption":"Origins Hotel Boutique"},"image":{"@id":"https:\/\/originshotelboutique.com\/es\/#\/schema\/logo\/image\/"},"sameAs":["https:\/\/www.facebook.com\/OriginsHotelBoutique\/","https:\/\/www.instagram.com\/origins_hotel_boutique\/"]}]}},"_links":{"self":[{"href":"https:\/\/originshotelboutique.com\/es\/wp-json\/wp\/v2\/pages\/4266","targetHints":{"allow":["GET"]}}],"collection":[{"href":"https:\/\/originshotelboutique.com\/es\/wp-json\/wp\/v2\/pages"}],"about":[{"href":"https:\/\/originshotelboutique.com\/es\/wp-json\/wp\/v2\/types\/page"}],"author":[{"embeddable":true,"href":"https:\/\/originshotelboutique.com\/es\/wp-json\/wp\/v2\/users\/1"}],"replies":[{"embeddable":true,"href":"https:\/\/originshotelboutique.com\/es\/wp-json\/wp\/v2\/comments?post=4266"}],"version-history":[{"count":0,"href":"https:\/\/originshotelboutique.com\/es\/wp-json\/wp\/v2\/pages\/4266\/revisions"}],"wp:attachment":[{"href":"https:\/\/originshotelboutique.com\/es\/wp-json\/wp\/v2\/media?parent=4266"}],"curies":[{"name":"wp","href":"https:\/\/api.w.org\/{rel}","templated":true}]}}