{"id":4438,"date":"2023-05-29T14:15:17","date_gmt":"2023-05-29T14:15:17","guid":{"rendered":"https:\/\/originshotelboutique.com\/datenschutzbestimmungen\/"},"modified":"2024-01-31T11:26:46","modified_gmt":"2024-01-31T11:26:46","slug":"datenschutzbestimmungen","status":"publish","type":"page","link":"https:\/\/originshotelboutique.com\/de\/datenschutzbestimmungen\/","title":{"rendered":"Datenschutzbestimmungen"},"content":{"rendered":"\t\t<div data-elementor-type=\"wp-page\" data-elementor-id=\"4438\" class=\"elementor elementor-4438 elementor-3\">\n\t\t\t\t\t\t<section class=\"elementor-section elementor-top-section elementor-element elementor-element-ee6c603 elementor-section-boxed elementor-section-height-default elementor-section-height-default\" data-id=\"ee6c603\" data-element_type=\"section\" data-e-type=\"section\">\n\t\t\t\t\t\t<div class=\"elementor-container elementor-column-gap-default\">\n\t\t\t\t\t<div class=\"elementor-column elementor-col-100 elementor-top-column elementor-element elementor-element-65b06f0\" data-id=\"65b06f0\" data-element_type=\"column\" data-e-type=\"column\">\n\t\t\t<div class=\"elementor-widget-wrap elementor-element-populated\">\n\t\t\t\t\t\t<section class=\"elementor-section elementor-inner-section elementor-element elementor-element-878c795 elementor-section-boxed elementor-section-height-default elementor-section-height-default\" data-id=\"878c795\" data-element_type=\"section\" data-e-type=\"section\">\n\t\t\t\t\t\t<div class=\"elementor-container elementor-column-gap-default\">\n\t\t\t\t\t<div class=\"elementor-column elementor-col-100 elementor-inner-column elementor-element elementor-element-4e51b70\" data-id=\"4e51b70\" data-element_type=\"column\" data-e-type=\"column\">\n\t\t\t<div class=\"elementor-widget-wrap elementor-element-populated\">\n\t\t\t\t\t\t<div class=\"elementor-element elementor-element-8786620 elementor-widget elementor-widget-spacer\" data-id=\"8786620\" data-element_type=\"widget\" data-e-type=\"widget\" data-widget_type=\"spacer.default\">\n\t\t\t\t<div class=\"elementor-widget-container\">\n\t\t\t\t\t\t\t<div class=\"elementor-spacer\">\n\t\t\t<div class=\"elementor-spacer-inner\"><\/div>\n\t\t<\/div>\n\t\t\t\t\t\t<\/div>\n\t\t\t\t<\/div>\n\t\t\t\t\t<\/div>\n\t\t<\/div>\n\t\t\t\t\t<\/div>\n\t\t<\/section>\n\t\t\t\t\t<\/div>\n\t\t<\/div>\n\t\t\t\t\t<\/div>\n\t\t<\/section>\n\t\t\t\t<section class=\"elementor-section elementor-top-section elementor-element elementor-element-7697c68f elementor-section-boxed elementor-section-height-default elementor-section-height-default\" data-id=\"7697c68f\" data-element_type=\"section\" data-e-type=\"section\">\n\t\t\t\t\t\t<div class=\"elementor-container elementor-column-gap-default\">\n\t\t\t\t\t<div class=\"elementor-column elementor-col-50 elementor-top-column elementor-element elementor-element-65bd093d\" data-id=\"65bd093d\" data-element_type=\"column\" data-e-type=\"column\">\n\t\t\t<div class=\"elementor-widget-wrap elementor-element-populated\">\n\t\t\t\t\t\t<div class=\"elementor-element elementor-element-72cb3a49 elementor-widget__width-auto elementor-widget elementor-widget-text-editor\" data-id=\"72cb3a49\" data-element_type=\"widget\" data-e-type=\"widget\" data-widget_type=\"text-editor.default\">\n\t\t\t\t<div class=\"elementor-widget-container\">\n\t\t\t\t\t\t\t\t\t\n<h4><strong>Politik der<\/strong> <em>Datenschutz<\/em><\/h4>\n\t\t\t\t\t\t\t\t<\/div>\n\t\t\t\t<\/div>\n\t\t\t\t\t<\/div>\n\t\t<\/div>\n\t\t\t\t<div class=\"elementor-column elementor-col-50 elementor-top-column elementor-element elementor-element-99714c3\" data-id=\"99714c3\" data-element_type=\"column\" data-e-type=\"column\">\n\t\t\t<div class=\"elementor-widget-wrap elementor-element-populated\">\n\t\t\t\t\t\t<div class=\"elementor-element elementor-element-aedcf74 elementor-widget elementor-widget-text-editor\" data-id=\"aedcf74\" data-element_type=\"widget\" data-e-type=\"widget\" data-widget_type=\"text-editor.default\">\n\t\t\t\t<div class=\"elementor-widget-container\">\n\t\t\t\t\t\t\t\t\t<p><em>\u00daltima modificaci\u00f3n: julio 2023<\/em><\/p>\n<p>Diese Datenschutzrichtlinie gilt f\u00fcr die vorliegende Website www.originshotelboutque.com.<\/p>\n<p>Por favor, l\u00e9ala detenidamente. Darin finden Sie wichtige Informationen \u00fcber den Umgang mit Ihren pers\u00f6nlichen Daten und die Rechte, die Ihnen die geltende Gesetzgebung in diesem Bereich zugesteht.<\/p>\n<p class=\"p1\">Wir behalten uns das Recht vor, unsere Datenschutzpolitik zu jedem Zeitpunkt aufgrund von Unternehmensentscheidungen sowie zur Anpassung an eventuelle Gesetzes\u00e4nderungen oder Rechtsprechung zu aktualisieren. Si tiene dudas o necesita cualquier aclaraci\u00f3n respecto a nuestra Pol\u00edtica de privacidad o a sus derechos, puede contactar con nosotros a trav\u00e9s de los canales que se indican m\u00e1s abajo.<\/p>\n<p class=\"p1\">Ud.\nbest\u00e4tigt, dass die Daten, die wir Ihnen jetzt oder in Zukunft zur Verf\u00fcgung stellen, korrekt und verl\u00e4sslich sind, und verpflichtet sich, uns jede \u00c4nderung dieser Daten mitzuteilen.  Wenn wir personenbezogene Daten von Dritten weitergeben, verpflichten wir uns, die vorherige Zustimmung der Betroffenen einzuholen und sie \u00fcber den Inhalt dieser Richtlinie zu informieren.<\/p>\n<p class=\"p1\">De manera general, los campos se\u00f1alados como obligatorios en nuestros formularios deber\u00e1n ser necesariamente cumplimentados para poder tramitar sus solicitudes.<\/p>\n<p><strong>1. \u00bfQui\u00e9n es el responsable del tratamiento de sus datos?<\/strong><\/p>\n<p>El responsable del tratamiento de los datos personales recogidos en esta web es:<br>Verantwortlich: Urspr\u00fcnge von Kappo S.L.<br>Direcci\u00f3n postal: Carrer de Mestre Andreu Siurell, 10, 07570 Art\u00e0, Illes Balears<br>E-Mail: <a href=\"mailto:info@caprocat.com\">info@originsbykappo.com<\/a><br>Telf: +34 <a href=\"https:\/\/www.google.com\/search?q=origins+hotel+boutique&amp;rlz=1C5CHFA_enES1062ES1063&amp;oq=origins+hotel+&amp;aqs=chrome.0.0i355i512j46i175i199i512i664i665j69i57j0i22i30l7.423762815j0j15&amp;sourceid=chrome&amp;ie=UTF-8#\" data-dtype=\"d3ph\" data-local-attribute=\"d3ph\" data-ved=\"2ahUKEwjbyfzC2_L_AhWoUqQEHdSDAEEQkAgoAHoECD4QAw\">\n  <span aria-label=\"Llamar al n\u00famero de tel\u00e9fono 644 70 53 33\">644 70 53 33<\/span>\n<\/a><\/p>\n<p><strong>2. \u00bfPara qu\u00e9 trataremos sus datos y sobre qu\u00e9 base jur\u00eddica?<\/strong><\/p>\n<p><b><\/b><b>2.1 Gesti\u00f3n de la relaci\u00f3n con los clientes y usuarios:<br><\/b>Tratamos los datos que nuestros clientes y usuarios proporcionen en sus consultas para atender sus solicitudes.<span class=\"Apple-converted-space\"><br><\/span>Diese Vorgehensweise ist notwendig f\u00fcr die Umsetzung der rechtlichen Beziehungen zu den Internetnutzern oder f\u00fcr die Anwendung vorvertraglicher Ma\u00dfnahmen auf ihre eigenen Antr\u00e4ge.<\/p>\n<p class=\"p4\"><b>2.2 Kundenverwaltung:<br><\/b>Wir verarbeiten die Daten, die unsere Nutzer im Webformular angeben, sowie die Daten, die sie in ihrem Profil registrieren, um ihre Kunden anzulegen und zu verwalten und ihnen Zugang zu den Funktionen zu gew\u00e4hren, die den registrierten Nutzern zur Verf\u00fcgung stehen.<span class=\"Apple-converted-space\"><br><\/span>Estos tratamientos son necesarios para la aplicaci\u00f3n de medidas precontractuales a su propia petici\u00f3n.<\/p>\n<p class=\"p1\"><b>2.3 Gesti\u00f3n de las reservas de alojamiento y servicios:<br><\/b>Los datos proporcionados en los formularios de reserva de alojamiento o contrataci\u00f3n de servicios, ser\u00e1n tratados para la gesti\u00f3n de dichas reservas y la prestaci\u00f3n de los servicios solicitados. Las categor\u00edas de datos que tratamos para estos fines son los siguientes:<br>&#8211; Identifizierungsdaten (Name, Vorname und DNI\/Passport) und Kontaktdaten (Adresse, E-Mail und Telefon) des Inhabers der Reservierung;<br>&#8211; Daten der eigenen Reservierung, des Bonos oder der beantragten Dienstleistung.<br>&#8211; Wirtschaftliche Daten und Transaktionsdaten.<br>Die Verarbeitung dieser Daten ist notwendig f\u00fcr die Erbringung der beantragten Dienstleistungen, den Abschluss des Mietvertrags oder die Anwendung vorvertraglicher Ma\u00dfnahmen auf den eigenen Antrag.<br>Die wirtschaftlichen Daten und die Daten der im Internet durchgef\u00fchrten Transaktionen von Waren und Dienstleistungen werden zu Zwecken der Steuer- und Verwaltungssteuerung und zur Erf\u00fcllung unserer gesetzlichen Verpflichtungen in Steuer- und Finanzangelegenheiten behandelt.<\/p>\n<p class=\"p1\"><b>2.4 \u00dcbermittlung von Gesch\u00e4ftskorrespondenz und Verwaltung von Vertriebsverzeichnissen:<\/b><br>Wir verwenden die von unseren Kunden und den Personen, die in unseren Vertriebsverzeichnissen aufgef\u00fchrt sind, bereitgestellten Identifikations- und Kontaktdaten, um ihnen Mitteilungen \u00fcber unsere Produkte und Dienstleistungen zukommen zu lassen.<span class=\"Apple-converted-space\"><br><\/span>Estos tratamientos se basan en el consentimiento que se le solicita. No prestar su consentimiento or retirarlo no condiciona la tramitaci\u00f3n de sus reservas o la prestaci\u00f3n de los servicios contratados. Puede solicitar su baja de los tratamientos con fines comerciales enviando un email a la siguiente direcci\u00f3n de correo electr\u00f3nico: <a href=\"mailto:info@caprocat.com\">info@originsbykappo.com<\/a><\/p>\n<p class=\"p4\"><b>2.5 Verwaltung und Kontrolle der Sicherheit im Internet:<\/b><span class=\"s2\"><br><\/span>Wir verarbeiten Daten \u00fcber die Navigation (IP-Adressen oder Protokolle), um die Sicherheit des Internets und seiner Zugangsbereiche zu verwalten und zu kontrollieren.<span class=\"Apple-converted-space\"><br><\/span>Diese Vorgehensweise basiert auf unserem legitimen Interesse, die Sicherheit des Internets zu gew\u00e4hrleisten. Este inter\u00e9s est\u00e1 expresamente reconocido por el considerando 49 del RGPD. Bei der Abw\u00e4gung dieses Interesses in Bezug auf ihre Rechte und Freiheiten ist zu ber\u00fccksichtigen, dass<b> <\/b>Diese Behandlung entspricht allgemeinen Sicherheitspraktiken und birgt keine signifikanten Gefahren f\u00fcr die Betroffenen.<\/p>\n<p class=\"p1\"><b>2.6 Pr\u00fcfungs- und Qualit\u00e4tssicherungskosten:<\/b><br>Con el fin de evaluar y gestionar la calidad de nuestros servicios y productos, tratamos datos identificativos y los datos de contacto proporcionados por nuestros clientes en sus solicitudes o sugerencias. Wir erstellen auch Statistiken auf der Grundlage von Transaktions- und Internetdaten, die wir gesammelt haben. ej. direcci\u00f3n IP, weblogs, p\u00e1ginas visitadas o acciones realizadas en la Web (+ info en nuestra pol\u00edtica de cookies).<br>Estos tratamientos se basan on nuestro Inter\u00e9s leg\u00edtimo para evaluar y gestionar la calidad de nuestros servicios y productos. Bei der Abw\u00e4gung dieses Interesses in Bezug auf seine Rechte und Freiheiten wurde festgestellt, dass die Behandlung eine begrenzte Auswirkung auf die Privatsph\u00e4re der Betroffenen hatte, den vern\u00fcnftigen Erwartungen der Betroffenen entsprach und keine nennenswerten Beeintr\u00e4chtigungen verursachte.<\/p>\n<p><strong>3. \u00bfA qui\u00e9n podemos comunicar sus datos?<\/strong><\/p>\n<p>Ihre Daten werden nur dann an Dritte weitergegeben, wenn dies gesetzlich vorgeschrieben ist, wenn Sie zustimmen oder wenn Ihr Antrag eine solche Weitergabe erfordert.<\/p>\n<p><strong>4. \u00bfCu\u00e1nto tiempo conservaremos sus datos?<\/strong><\/p>\n<p>De manera general conservamos sus datos durante la vigencia de la relaci\u00f3n que mantiene con nosotros y en todo caso durante los plazos previstos en las disposiciones legales aplicables, por ejemplo, en materia contable y fiscal, y durante el tiempo necesario para atender a posibles responsabilidades nacidas del tratamiento. Wir l\u00f6schen Ihre Daten, wenn sie f\u00fcr die Zwecke, f\u00fcr die sie erhoben wurden, nicht mehr erforderlich oder relevant sind. Die Protokolle f\u00fcr den Zugang zu den gesperrten Bereichen des Internets werden im Monat ihrer Erstellung gel\u00f6scht. Se cancelar\u00e1 la informaci\u00f3n relacionada con la navegaci\u00f3n, una vez finalizada la conexi\u00f3n web y realizadas las estad\u00edsticas.<\/p>\n<p class=\"p1\">Los datos tratados con fines comerciales se conservar\u00e1n vigentes mientras no se solicite su baja.<\/p>\n<p><strong>5. \u00bfCu\u00e1les son sus derechos?<\/strong><\/p>\n<p>Tiene derecho a obtener confirmaci\u00f3n de si estamos tratando o no sus datos personales y, en tal caso, acceder a los mismos.<span class=\"Apple-converted-space\">  <\/span>Er kann auch verlangen, dass seine Daten berichtigt werden, wenn sie ungenau sind, oder dass unvollst\u00e4ndige Daten vervollst\u00e4ndigt werden, oder seine L\u00f6schung beantragen, wenn die Daten aus anderen Gr\u00fcnden f\u00fcr die Zwecke, f\u00fcr die sie erfasst wurden, nicht mehr erforderlich sind.<\/p>\n<p class=\"p1\">Unter bestimmten Umst\u00e4nden k\u00f6nnen Sie die Einschr\u00e4nkung der Verarbeitung Ihrer Daten beantragen. In diesem Fall werden nur die Daten behandelt, die f\u00fcr die Formulierung, Aus\u00fcbung oder Verteidigung von Reklamationen oder f\u00fcr den Schutz der Rechte anderer Personen erforderlich sind. Unter bestimmten Bedingungen und aus Gr\u00fcnden, die mit seiner besonderen Situation zusammenh\u00e4ngen, kann er sich auch gegen die Verarbeitung seiner Daten entscheiden. In diesem Fall werden wir die Daten nicht aus Gr\u00fcnden der Rechtsordnung, die ihre Interessen, Rechte und Freiheiten betreffen, oder zur Formulierung, Aus\u00fcbung oder Verteidigung von Reklamationen verarbeiten.<\/p>\n<p class=\"p1\">Ebenso kann er unter bestimmten Bedingungen die \u00dcbertragbarkeit seiner Daten beantragen, damit sie an einen anderen Verantwortlichen f\u00fcr die Behandlung \u00fcbermittelt werden k\u00f6nnen.<\/p>\n<p class=\"p1\">In jedem Moment kann er die Einwilligung, die er f\u00fcr bestimmte Zwecke gegeben hat, widerrufen, ohne dass dies die Rechtm\u00e4\u00dfigkeit der Behandlung beeintr\u00e4chtigt, die auf der vor dem Widerruf erteilten Einwilligung beruht.<\/p>\n<p class=\"p1\">Tiene igualmente el derecho a presentar una reclamaci\u00f3n ante una autoridad de protecci\u00f3n de datos.<\/p>\n<p class=\"p1\">Le informamos de que el Reglamento Europeo de Protecci\u00f3n de Datos Personales recono igualmente el derecho a la portabilidad de sus datos.<\/p>\n<p class=\"p1\">Tiene tambi\u00e9n derecho a oponerse a la adopci\u00f3n de decisiones individuales automatizadas que produzcan efectos jur\u00eddicos sobre Ud.\no le afecten significativamente de modo similar, cuando concurra este derecho de acuerdo con lo previsto en el art\u00edculo 22 del Reglamento (UE) 2016\/679. <\/p>\n<p class=\"p1\">Um Ihre Rechte geltend zu machen, m\u00fcssen Sie uns einen Antrag mit einer Kopie Ihres nationalen Identit\u00e4tsdokuments oder eines anderen g\u00fcltigen Dokuments, das Sie identifiziert, per Post oder E-Mail an die in der Mitteilung angegebene Adresse senden \u00bfQui\u00e9n es el responsable del tratamiento de sus datos?<\/p>\n<p class=\"p1\">Podr\u00e1 obtener m\u00e1s informaci\u00f3n sobre sus derechos y c\u00f3mo ejercerlos en la p\u00e1gina de la Agencia Espa\u00f1ola de Protecci\u00f3n de Datos en <a href=\"http:\/\/www.aepd.es\/\">\n  <span class=\"s2\">www.aepd.es<\/span>\n<\/a><span class=\"s3\">.<\/span><\/p>\t\t\t\t\t\t\t\t<\/div>\n\t\t\t\t<\/div>\n\t\t\t\t\t<\/div>\n\t\t<\/div>\n\t\t\t\t\t<\/div>\n\t\t<\/section>\n\t\t\t\t<\/div>\n\t\t","protected":false},"excerpt":{"rendered":"<p>Politik der Datenschutz \u00daltima modificaci\u00f3n: julio 2023 Diese Datenschutzrichtlinie gilt f\u00fcr die vorliegende Website www.originshotelboutque.com. Por favor, l\u00e9ala detenidamente. Darin finden Sie wichtige Informationen \u00fcber den Umgang mit Ihren pers\u00f6nlichen Daten und die Rechte, die Ihnen die geltende Gesetzgebung in &hellip; <a href=\"https:\/\/originshotelboutique.com\/de\/datenschutzbestimmungen\/\">Read More<\/a><\/p>\n","protected":false},"author":1,"featured_media":0,"parent":0,"menu_order":0,"comment_status":"closed","ping_status":"closed","template":"","meta":{"footnotes":""},"class_list":["post-4438","page","type-page","status-publish","hentry"],"yoast_head":"<!-- This site is optimized with the Yoast SEO Premium plugin v27.4 (Yoast SEO v27.4) - https:\/\/yoast.com\/product\/yoast-seo-premium-wordpress\/ -->\n<title>Datenschutzbestimmungen | Origins Hotel Boutique<\/title>\n<meta name=\"robots\" content=\"index, follow, max-snippet:-1, max-image-preview:large, max-video-preview:-1\" \/>\n<link rel=\"canonical\" href=\"https:\/\/originshotelboutique.com\/de\/datenschutzbestimmungen\/\" \/>\n<meta property=\"og:locale\" content=\"de_DE\" \/>\n<meta property=\"og:type\" content=\"article\" \/>\n<meta property=\"og:title\" content=\"Datenschutzbestimmungen\" \/>\n<meta property=\"og:description\" content=\"Politik der Datenschutz \u00daltima modificaci\u00f3n: julio 2023 Diese Datenschutzrichtlinie gilt f\u00fcr die vorliegende Website www.originshotelboutque.com. Por favor, l\u00e9ala detenidamente. Darin finden Sie wichtige Informationen \u00fcber den Umgang mit Ihren pers\u00f6nlichen Daten und die Rechte, die Ihnen die geltende Gesetzgebung in &hellip; Read More\" \/>\n<meta property=\"og:url\" content=\"https:\/\/originshotelboutique.com\/de\/datenschutzbestimmungen\/\" \/>\n<meta property=\"og:site_name\" content=\"Origins Hotel Boutique\" \/>\n<meta property=\"article:publisher\" content=\"https:\/\/www.facebook.com\/OriginsHotelBoutique\/\" \/>\n<meta property=\"article:modified_time\" content=\"2024-01-31T11:26:46+00:00\" \/>\n<meta name=\"twitter:card\" content=\"summary_large_image\" \/>\n<meta name=\"twitter:label1\" content=\"Gesch\u00e4tzte Lesezeit\" \/>\n\t<meta name=\"twitter:data1\" content=\"7\u00a0Minuten\" \/>\n<script type=\"application\/ld+json\" class=\"yoast-schema-graph\">{\"@context\":\"https:\\\/\\\/schema.org\",\"@graph\":[{\"@type\":\"WebPage\",\"@id\":\"https:\\\/\\\/originshotelboutique.com\\\/de\\\/datenschutzbestimmungen\\\/\",\"url\":\"https:\\\/\\\/originshotelboutique.com\\\/de\\\/datenschutzbestimmungen\\\/\",\"name\":\"Datenschutzbestimmungen | Origins Hotel Boutique\",\"isPartOf\":{\"@id\":\"https:\\\/\\\/originshotelboutique.com\\\/de\\\/#website\"},\"datePublished\":\"2023-05-29T14:15:17+00:00\",\"dateModified\":\"2024-01-31T11:26:46+00:00\",\"breadcrumb\":{\"@id\":\"https:\\\/\\\/originshotelboutique.com\\\/de\\\/datenschutzbestimmungen\\\/#breadcrumb\"},\"inLanguage\":\"de\",\"potentialAction\":[{\"@type\":\"ReadAction\",\"target\":[\"https:\\\/\\\/originshotelboutique.com\\\/de\\\/datenschutzbestimmungen\\\/\"]}]},{\"@type\":\"BreadcrumbList\",\"@id\":\"https:\\\/\\\/originshotelboutique.com\\\/de\\\/datenschutzbestimmungen\\\/#breadcrumb\",\"itemListElement\":[{\"@type\":\"ListItem\",\"position\":1,\"name\":\"Home\",\"item\":\"https:\\\/\\\/originshotelboutique.com\\\/de\\\/\"},{\"@type\":\"ListItem\",\"position\":2,\"name\":\"Datenschutzbestimmungen\"}]},{\"@type\":\"WebSite\",\"@id\":\"https:\\\/\\\/originshotelboutique.com\\\/de\\\/#website\",\"url\":\"https:\\\/\\\/originshotelboutique.com\\\/de\\\/\",\"name\":\"Origins Hotel Boutique\",\"description\":\"Peque\u00f1o hotel boutique en el coraz\u00f3n de Art\u00e0.\",\"publisher\":{\"@id\":\"https:\\\/\\\/originshotelboutique.com\\\/de\\\/#organization\"},\"potentialAction\":[{\"@type\":\"SearchAction\",\"target\":{\"@type\":\"EntryPoint\",\"urlTemplate\":\"https:\\\/\\\/originshotelboutique.com\\\/de\\\/?s={search_term_string}\"},\"query-input\":{\"@type\":\"PropertyValueSpecification\",\"valueRequired\":true,\"valueName\":\"search_term_string\"}}],\"inLanguage\":\"de\"},{\"@type\":\"Organization\",\"@id\":\"https:\\\/\\\/originshotelboutique.com\\\/de\\\/#organization\",\"name\":\"Origins Hotel Boutique\",\"url\":\"https:\\\/\\\/originshotelboutique.com\\\/de\\\/\",\"logo\":{\"@type\":\"ImageObject\",\"inLanguage\":\"de\",\"@id\":\"https:\\\/\\\/originshotelboutique.com\\\/de\\\/#\\\/schema\\\/logo\\\/image\\\/\",\"url\":\"https:\\\/\\\/originshotelboutique.com\\\/wp-content\\\/uploads\\\/2023\\\/05\\\/cropped-Sin-titulo-54.jpg\",\"contentUrl\":\"https:\\\/\\\/originshotelboutique.com\\\/wp-content\\\/uploads\\\/2023\\\/05\\\/cropped-Sin-titulo-54.jpg\",\"width\":651,\"height\":492,\"caption\":\"Origins Hotel Boutique\"},\"image\":{\"@id\":\"https:\\\/\\\/originshotelboutique.com\\\/de\\\/#\\\/schema\\\/logo\\\/image\\\/\"},\"sameAs\":[\"https:\\\/\\\/www.facebook.com\\\/OriginsHotelBoutique\\\/\",\"https:\\\/\\\/www.instagram.com\\\/origins_hotel_boutique\\\/\"]}]}<\/script>\n<!-- \/ Yoast SEO Premium plugin. -->","yoast_head_json":{"title":"Datenschutzbestimmungen | Origins Hotel Boutique","robots":{"index":"index","follow":"follow","max-snippet":"max-snippet:-1","max-image-preview":"max-image-preview:large","max-video-preview":"max-video-preview:-1"},"canonical":"https:\/\/originshotelboutique.com\/de\/datenschutzbestimmungen\/","og_locale":"de_DE","og_type":"article","og_title":"Datenschutzbestimmungen","og_description":"Politik der Datenschutz \u00daltima modificaci\u00f3n: julio 2023 Diese Datenschutzrichtlinie gilt f\u00fcr die vorliegende Website www.originshotelboutque.com. Por favor, l\u00e9ala detenidamente. Darin finden Sie wichtige Informationen \u00fcber den Umgang mit Ihren pers\u00f6nlichen Daten und die Rechte, die Ihnen die geltende Gesetzgebung in &hellip; Read More","og_url":"https:\/\/originshotelboutique.com\/de\/datenschutzbestimmungen\/","og_site_name":"Origins Hotel Boutique","article_publisher":"https:\/\/www.facebook.com\/OriginsHotelBoutique\/","article_modified_time":"2024-01-31T11:26:46+00:00","twitter_card":"summary_large_image","twitter_misc":{"Gesch\u00e4tzte Lesezeit":"7\u00a0Minuten"},"schema":{"@context":"https:\/\/schema.org","@graph":[{"@type":"WebPage","@id":"https:\/\/originshotelboutique.com\/de\/datenschutzbestimmungen\/","url":"https:\/\/originshotelboutique.com\/de\/datenschutzbestimmungen\/","name":"Datenschutzbestimmungen | Origins Hotel Boutique","isPartOf":{"@id":"https:\/\/originshotelboutique.com\/de\/#website"},"datePublished":"2023-05-29T14:15:17+00:00","dateModified":"2024-01-31T11:26:46+00:00","breadcrumb":{"@id":"https:\/\/originshotelboutique.com\/de\/datenschutzbestimmungen\/#breadcrumb"},"inLanguage":"de","potentialAction":[{"@type":"ReadAction","target":["https:\/\/originshotelboutique.com\/de\/datenschutzbestimmungen\/"]}]},{"@type":"BreadcrumbList","@id":"https:\/\/originshotelboutique.com\/de\/datenschutzbestimmungen\/#breadcrumb","itemListElement":[{"@type":"ListItem","position":1,"name":"Home","item":"https:\/\/originshotelboutique.com\/de\/"},{"@type":"ListItem","position":2,"name":"Datenschutzbestimmungen"}]},{"@type":"WebSite","@id":"https:\/\/originshotelboutique.com\/de\/#website","url":"https:\/\/originshotelboutique.com\/de\/","name":"Origins Hotel Boutique","description":"Peque\u00f1o hotel boutique en el coraz\u00f3n de Art\u00e0.","publisher":{"@id":"https:\/\/originshotelboutique.com\/de\/#organization"},"potentialAction":[{"@type":"SearchAction","target":{"@type":"EntryPoint","urlTemplate":"https:\/\/originshotelboutique.com\/de\/?s={search_term_string}"},"query-input":{"@type":"PropertyValueSpecification","valueRequired":true,"valueName":"search_term_string"}}],"inLanguage":"de"},{"@type":"Organization","@id":"https:\/\/originshotelboutique.com\/de\/#organization","name":"Origins Hotel Boutique","url":"https:\/\/originshotelboutique.com\/de\/","logo":{"@type":"ImageObject","inLanguage":"de","@id":"https:\/\/originshotelboutique.com\/de\/#\/schema\/logo\/image\/","url":"https:\/\/originshotelboutique.com\/wp-content\/uploads\/2023\/05\/cropped-Sin-titulo-54.jpg","contentUrl":"https:\/\/originshotelboutique.com\/wp-content\/uploads\/2023\/05\/cropped-Sin-titulo-54.jpg","width":651,"height":492,"caption":"Origins Hotel Boutique"},"image":{"@id":"https:\/\/originshotelboutique.com\/de\/#\/schema\/logo\/image\/"},"sameAs":["https:\/\/www.facebook.com\/OriginsHotelBoutique\/","https:\/\/www.instagram.com\/origins_hotel_boutique\/"]}]}},"_links":{"self":[{"href":"https:\/\/originshotelboutique.com\/de\/wp-json\/wp\/v2\/pages\/4438","targetHints":{"allow":["GET"]}}],"collection":[{"href":"https:\/\/originshotelboutique.com\/de\/wp-json\/wp\/v2\/pages"}],"about":[{"href":"https:\/\/originshotelboutique.com\/de\/wp-json\/wp\/v2\/types\/page"}],"author":[{"embeddable":true,"href":"https:\/\/originshotelboutique.com\/de\/wp-json\/wp\/v2\/users\/1"}],"replies":[{"embeddable":true,"href":"https:\/\/originshotelboutique.com\/de\/wp-json\/wp\/v2\/comments?post=4438"}],"version-history":[{"count":0,"href":"https:\/\/originshotelboutique.com\/de\/wp-json\/wp\/v2\/pages\/4438\/revisions"}],"wp:attachment":[{"href":"https:\/\/originshotelboutique.com\/de\/wp-json\/wp\/v2\/media?parent=4438"}],"curies":[{"name":"wp","href":"https:\/\/api.w.org\/{rel}","templated":true}]}}